{"id":9,"date":"2025-01-17T19:02:42","date_gmt":"2025-01-17T19:02:42","guid":{"rendered":"https:\/\/puressencereiki.com\/?page_id=9"},"modified":"2025-03-13T21:50:01","modified_gmt":"2025-03-13T21:50:01","slug":"accueil","status":"publish","type":"page","link":"https:\/\/puressencereiki.com\/","title":{"rendered":"Accueil"},"content":{"rendered":"<p>[et_pb_section fb_built=\u00a0\u00bb1&Prime; custom_padding_last_edited=\u00a0\u00bbon|phone\u00a0\u00bb _builder_version=\u00a0\u00bb4.27.4&Prime; _module_preset=\u00a0\u00bbdefault\u00a0\u00bb background_image=\u00a0\u00bbhttps:\/\/puressencereiki.com\/wp-content\/uploads\/2025\/02\/c6362f07-3734-4f10-bbac-e8b3916fb897.jpg\u00a0\u00bb background_position=\u00a0\u00bbtop_center\u00a0\u00bb custom_margin=\u00a0\u00bb-13vh||||false|false\u00a0\u00bb custom_margin_tablet=\u00a0\u00bb-13vh||||false|false\u00a0\u00bb custom_margin_phone=\u00a0\u00bb-15vh||||false|false\u00a0\u00bb custom_margin_last_edited=\u00a0\u00bbon|phone\u00a0\u00bb custom_padding=\u00a0\u00bb21vh||||false|false\u00a0\u00bb custom_padding_tablet=\u00a0\u00bb21vh||||false|false\u00a0\u00bb custom_padding_phone=\u00a0\u00bb21vh||||false|false\u00a0\u00bb global_colors_info=\u00a0\u00bb{}\u00a0\u00bb][et_pb_row _builder_version=\u00a0\u00bb4.27.4&Prime; _module_preset=\u00a0\u00bbdefault\u00a0\u00bb width=\u00a0\u00bb85%\u00a0\u00bb max_width=\u00a0\u00bb85%\u00a0\u00bb animation_style=\u00a0\u00bbslide\u00a0\u00bb animation_direction=\u00a0\u00bbbottom\u00a0\u00bb animation_intensity_slide=\u00a0\u00bb7%\u00a0\u00bb animation_starting_opacity=\u00a0\u00bb1%\u00a0\u00bb global_colors_info=\u00a0\u00bb{}\u00a0\u00bb][et_pb_column type=\u00a0\u00bb4_4&Prime; _builder_version=\u00a0\u00bb4.27.4&Prime; _module_preset=\u00a0\u00bbdefault\u00a0\u00bb global_colors_info=\u00a0\u00bb{}\u00a0\u00bb][et_pb_heading title=\u00a0\u00bbD\u00e9couvrez l&rsquo;harmonie <br \/>int\u00e9rieure gr\u00e2ce aux<br \/>soins \u00e9nerg\u00e9tiques\u00a0\u00bb title_tablet=\u00a0\u00bbD\u00e9couvrez l&rsquo;harmonie <br \/>int\u00e9rieure gr\u00e2ce aux<br \/>soins \u00e9nerg\u00e9tiques\u00a0\u00bb title_phone=\u00a0\u00bbD\u00e9couvrez l&rsquo;harmonie int\u00e9rieure gr\u00e2ce aux soins \u00e9nerg\u00e9tiques\u00a0\u00bb title_last_edited=\u00a0\u00bbon|phone\u00a0\u00bb _builder_version=\u00a0\u00bb4.27.4&Prime; _module_preset=\u00a0\u00bbdefault\u00a0\u00bb title_font_size=\u00a0\u00bb60px\u00a0\u00bb title_line_height=\u00a0\u00bb1.2em\u00a0\u00bb animation_direction=\u00a0\u00bbbottom\u00a0\u00bb title_font_size_tablet=\u00a0\u00bb60px\u00a0\u00bb title_font_size_phone=\u00a0\u00bb42px\u00a0\u00bb title_font_size_last_edited=\u00a0\u00bbon|phone\u00a0\u00bb global_colors_info=\u00a0\u00bb{}\u00a0\u00bb][\/et_pb_heading][et_pb_text _builder_version=\u00a0\u00bb4.27.4&Prime; _module_preset=\u00a0\u00bbdefault\u00a0\u00bb animation_direction=\u00a0\u00bbbottom\u00a0\u00bb global_colors_info=\u00a0\u00bb{}\u00a0\u00bb]<\/p>\n<p>Retrouvez votre bien-\u00eatre et s\u00e9r\u00e9nit\u00e9 avec nous.<\/p>\n<p>[\/et_pb_text][et_pb_button button_url=\u00a0\u00bb@ET-DC@eyJkeW5hbWljIjp0cnVlLCJjb250ZW50IjoicG9zdF9saW5rX3VybF9wYWdlIiwic2V0dGluZ3MiOnsicG9zdF9pZCI6IjI3NyJ9fQ==@\u00a0\u00bb button_text=\u00a0\u00bbCONTACTEZ-NOUS\u00a0\u00bb _builder_version=\u00a0\u00bb4.27.4&Prime; _dynamic_attributes=\u00a0\u00bbbutton_url\u00a0\u00bb _module_preset=\u00a0\u00bbdefault\u00a0\u00bb custom_button=\u00a0\u00bbon\u00a0\u00bb button_text_color=\u00a0\u00bb#FFFFFF\u00a0\u00bb button_bg_color=\u00a0\u00bb#6A5369&Prime; button_bg_use_color_gradient=\u00a0\u00bbon\u00a0\u00bb button_bg_color_gradient_stops=\u00a0\u00bb#6a5369 0%|#937c92 100%\u00a0\u00bb button_border_width=\u00a0\u00bb0px\u00a0\u00bb button_border_radius=\u00a0\u00bb70px\u00a0\u00bb custom_margin=\u00a0\u00bb71px||||false|false\u00a0\u00bb custom_padding=\u00a0\u00bb12px|30px|12px|30px|true|true\u00a0\u00bb animation_direction=\u00a0\u00bbbottom\u00a0\u00bb global_colors_info=\u00a0\u00bb{}\u00a0\u00bb][\/et_pb_button][\/et_pb_column][\/et_pb_row][\/et_pb_section][et_pb_section fb_built=\u00a0\u00bb1&Prime; _builder_version=\u00a0\u00bb4.27.4&Prime; _module_preset=\u00a0\u00bbdefault\u00a0\u00bb use_background_color_gradient=\u00a0\u00bbon\u00a0\u00bb background_color_gradient_direction=\u00a0\u00bb90deg\u00a0\u00bb background_color_gradient_stops=\u00a0\u00bbrgba(255,255,255,0.7) 90%|rgba(255,255,255,0.6) 100%\u00a0\u00bb background_color_gradient_overlays_image=\u00a0\u00bbon\u00a0\u00bb background_image=\u00a0\u00bbhttps:\/\/puressencereiki.com\/wp-content\/uploads\/2025\/02\/Creation-sans-titre-1-1.jpg\u00a0\u00bb custom_margin=\u00a0\u00bb||||true|false\u00a0\u00bb global_colors_info=\u00a0\u00bb{}\u00a0\u00bb][et_pb_row _builder_version=\u00a0\u00bb4.27.4&Prime; _module_preset=\u00a0\u00bbdefault\u00a0\u00bb width=\u00a0\u00bb85%\u00a0\u00bb max_width=\u00a0\u00bb85%\u00a0\u00bb animation_style=\u00a0\u00bbslide\u00a0\u00bb animation_direction=\u00a0\u00bbbottom\u00a0\u00bb animation_intensity_slide=\u00a0\u00bb7%\u00a0\u00bb animation_starting_opacity=\u00a0\u00bb1%\u00a0\u00bb global_colors_info=\u00a0\u00bb{}\u00a0\u00bb][et_pb_column type=\u00a0\u00bb4_4&Prime; _builder_version=\u00a0\u00bb4.27.4&Prime; _module_preset=\u00a0\u00bbdefault\u00a0\u00bb global_colors_info=\u00a0\u00bb{}\u00a0\u00bb][et_pb_heading title=\u00a0\u00bbLes Soins \u00c9nerg\u00e9tiques\u00a0\u00bb _builder_version=\u00a0\u00bb4.27.4&Prime; _module_preset=\u00a0\u00bbdefault\u00a0\u00bb title_level=\u00a0\u00bbh2&Prime; custom_margin=\u00a0\u00bb||30px||false|false\u00a0\u00bb title_font_size_tablet=\u00a0\u00bb\u00a0\u00bb title_font_size_phone=\u00a0\u00bb35px\u00a0\u00bb title_font_size_last_edited=\u00a0\u00bbon|phone\u00a0\u00bb global_colors_info=\u00a0\u00bb{}\u00a0\u00bb][\/et_pb_heading][et_pb_text _builder_version=\u00a0\u00bb4.27.4&Prime; _module_preset=\u00a0\u00bbdefault\u00a0\u00bb text_line_height=\u00a0\u00bb1.6em\u00a0\u00bb text_font_size_tablet=\u00a0\u00bb\u00a0\u00bb text_font_size_phone=\u00a0\u00bb20px\u00a0\u00bb text_font_size_last_edited=\u00a0\u00bbon|phone\u00a0\u00bb global_colors_info=\u00a0\u00bb{}\u00a0\u00bb]<\/p>\n<p>Les soins \u00e9nerg\u00e9tiques sont des pratiques profondes qui visent \u00e0 lib\u00e9rer les \u00e9nergies stagnantes, r\u00e9tablir l\u2019\u00e9quilibre et apaiser l\u2019esprit.<\/p>\n<p>En utilisant des techniques comme le Reiki, la polarit\u00e9, l&rsquo;alchimie et en les combinant avec diff\u00e9rentes modalit\u00e9s (les bols de cristal et les huiles essentielles) ces s\u00e9ances favorisent la gu\u00e9rison naturelle et r\u00e9harmonisent les \u00e9nergies subtiles du corps.<\/p>\n<p>Elles permettent de r\u00e9duire le stress, am\u00e9liorer la clart\u00e9 mentale et \u00e9motionnelle, et soulager les douleurs physiques.<\/p>\n<p>[\/et_pb_text][\/et_pb_column][\/et_pb_row][\/et_pb_section][et_pb_section fb_built=\u00a0\u00bb1&Prime; custom_padding_last_edited=\u00a0\u00bbon|phone\u00a0\u00bb _builder_version=\u00a0\u00bb4.27.4&Prime; _module_preset=\u00a0\u00bbdefault\u00a0\u00bb background_color=\u00a0\u00bbrgba(228,222,228,0.8)\u00a0\u00bb custom_padding=\u00a0\u00bb14vh||14vh||true|false\u00a0\u00bb custom_padding_tablet=\u00a0\u00bb14vh||14vh||true|false\u00a0\u00bb custom_padding_phone=\u00a0\u00bb11vh||8vh||false|false\u00a0\u00bb global_colors_info=\u00a0\u00bb{}\u00a0\u00bb][et_pb_row _builder_version=\u00a0\u00bb4.27.4&Prime; _module_preset=\u00a0\u00bbdefault\u00a0\u00bb width=\u00a0\u00bb85%\u00a0\u00bb max_width=\u00a0\u00bb85%\u00a0\u00bb custom_padding=\u00a0\u00bb0px||0px||true|false\u00a0\u00bb animation_style=\u00a0\u00bbslide\u00a0\u00bb animation_direction=\u00a0\u00bbbottom\u00a0\u00bb animation_intensity_slide=\u00a0\u00bb7%\u00a0\u00bb animation_starting_opacity=\u00a0\u00bb1%\u00a0\u00bb global_colors_info=\u00a0\u00bb{}\u00a0\u00bb][et_pb_column type=\u00a0\u00bb4_4&Prime; _builder_version=\u00a0\u00bb4.27.4&Prime; _module_preset=\u00a0\u00bbdefault\u00a0\u00bb global_colors_info=\u00a0\u00bb{}\u00a0\u00bb][et_pb_heading title=\u00a0\u00bbQuelques services\u00a0\u00bb _builder_version=\u00a0\u00bb4.27.4&Prime; _module_preset=\u00a0\u00bbdefault\u00a0\u00bb title_level=\u00a0\u00bbh2&Prime; title_text_color=\u00a0\u00bb#6A5369&Prime; custom_margin=\u00a0\u00bb||30px||false|false\u00a0\u00bb title_font_size_tablet=\u00a0\u00bb\u00a0\u00bb title_font_size_phone=\u00a0\u00bb35px\u00a0\u00bb title_font_size_last_edited=\u00a0\u00bbon|phone\u00a0\u00bb global_colors_info=\u00a0\u00bb{}\u00a0\u00bb][\/et_pb_heading][\/et_pb_column][\/et_pb_row][et_pb_row column_structure=\u00a0\u00bb1_3,1_3,1_3&Prime; use_custom_gutter=\u00a0\u00bbon\u00a0\u00bb gutter_width=\u00a0\u00bb2&Prime; _builder_version=\u00a0\u00bb4.27.4&Prime; _module_preset=\u00a0\u00bbdefault\u00a0\u00bb width=\u00a0\u00bb85%\u00a0\u00bb max_width=\u00a0\u00bb85%\u00a0\u00bb animation_style=\u00a0\u00bbslide\u00a0\u00bb animation_direction=\u00a0\u00bbbottom\u00a0\u00bb animation_intensity_slide=\u00a0\u00bb7%\u00a0\u00bb animation_starting_opacity=\u00a0\u00bb1%\u00a0\u00bb global_colors_info=\u00a0\u00bb{}\u00a0\u00bb][et_pb_column type=\u00a0\u00bb1_3&Prime; _builder_version=\u00a0\u00bb4.27.4&Prime; _module_preset=\u00a0\u00bbdefault\u00a0\u00bb global_colors_info=\u00a0\u00bb{}\u00a0\u00bb][et_pb_blurb title=\u00a0\u00bbReiki Usui \u00a0\u00bb image=\u00a0\u00bbhttps:\/\/puressencereiki.com\/wp-content\/uploads\/2025\/02\/Group-6.jpg\u00a0\u00bb _builder_version=\u00a0\u00bb4.27.4&Prime; _module_preset=\u00a0\u00bbdefault\u00a0\u00bb header_font=\u00a0\u00bb&#8211;et_global_body_font|600|||||||\u00a0\u00bb header_text_color=\u00a0\u00bb#6A5369&Prime; header_font_size=\u00a0\u00bb22px\u00a0\u00bb custom_margin=\u00a0\u00bb||||false|false\u00a0\u00bb custom_margin_tablet=\u00a0\u00bb||||false|false\u00a0\u00bb custom_margin_phone=\u00a0\u00bb||3vh||false|false\u00a0\u00bb custom_margin_last_edited=\u00a0\u00bbon|phone\u00a0\u00bb header_text_align_tablet=\u00a0\u00bb\u00a0\u00bb header_text_align_phone=\u00a0\u00bbcenter\u00a0\u00bb header_text_align_last_edited=\u00a0\u00bbon|phone\u00a0\u00bb header_line_height_tablet=\u00a0\u00bb\u00a0\u00bb header_line_height_phone=\u00a0\u00bb0em\u00a0\u00bb header_line_height_last_edited=\u00a0\u00bbon|phone\u00a0\u00bb border_radii_image=\u00a0\u00bbon|25px|25px|25px|25px\u00a0\u00bb global_colors_info=\u00a0\u00bb{}\u00a0\u00bb][\/et_pb_blurb][\/et_pb_column][et_pb_column type=\u00a0\u00bb1_3&Prime; _builder_version=\u00a0\u00bb4.27.4&Prime; _module_preset=\u00a0\u00bbdefault\u00a0\u00bb global_colors_info=\u00a0\u00bb{}\u00a0\u00bb][et_pb_blurb title=\u00a0\u00bbSoin \u00e9nerg\u00e9tique\u00a0\u00bb image=\u00a0\u00bbhttps:\/\/puressencereiki.com\/wp-content\/uploads\/2025\/02\/Group-7-1-1.jpg\u00a0\u00bb _builder_version=\u00a0\u00bb4.27.4&Prime; _module_preset=\u00a0\u00bbdefault\u00a0\u00bb header_font=\u00a0\u00bb&#8211;et_global_body_font|600|||||||\u00a0\u00bb header_text_color=\u00a0\u00bb#6A5369&Prime; header_font_size=\u00a0\u00bb22px\u00a0\u00bb custom_margin=\u00a0\u00bb||||false|false\u00a0\u00bb custom_margin_tablet=\u00a0\u00bb||||false|false\u00a0\u00bb custom_margin_phone=\u00a0\u00bb||3vh||false|false\u00a0\u00bb custom_margin_last_edited=\u00a0\u00bbon|phone\u00a0\u00bb header_text_align_tablet=\u00a0\u00bb\u00a0\u00bb header_text_align_phone=\u00a0\u00bbcenter\u00a0\u00bb header_text_align_last_edited=\u00a0\u00bbon|phone\u00a0\u00bb border_radii_image=\u00a0\u00bbon|25px|25px|25px|25px\u00a0\u00bb global_colors_info=\u00a0\u00bb{}\u00a0\u00bb][\/et_pb_blurb][\/et_pb_column][et_pb_column type=\u00a0\u00bb1_3&Prime; _builder_version=\u00a0\u00bb4.27.4&Prime; _module_preset=\u00a0\u00bbdefault\u00a0\u00bb global_colors_info=\u00a0\u00bb{}\u00a0\u00bb][et_pb_blurb title=\u00a0\u00bbSoins en fin de vie\u00a0\u00bb image=\u00a0\u00bbhttps:\/\/puressencereiki.com\/wp-content\/uploads\/2025\/02\/Group-9-1-1.jpg\u00a0\u00bb _builder_version=\u00a0\u00bb4.27.4&Prime; _module_preset=\u00a0\u00bbdefault\u00a0\u00bb header_font=\u00a0\u00bb&#8211;et_global_body_font|600|||||||\u00a0\u00bb header_text_color=\u00a0\u00bb#6A5369&Prime; header_font_size=\u00a0\u00bb22px\u00a0\u00bb custom_margin=\u00a0\u00bb||||false|false\u00a0\u00bb custom_margin_tablet=\u00a0\u00bb||||false|false\u00a0\u00bb custom_margin_phone=\u00a0\u00bb||3vh||false|false\u00a0\u00bb custom_margin_last_edited=\u00a0\u00bbon|phone\u00a0\u00bb header_text_align_tablet=\u00a0\u00bb\u00a0\u00bb header_text_align_phone=\u00a0\u00bbcenter\u00a0\u00bb header_text_align_last_edited=\u00a0\u00bbon|phone\u00a0\u00bb border_radii_image=\u00a0\u00bbon|25px|25px|25px|25px\u00a0\u00bb global_colors_info=\u00a0\u00bb{}\u00a0\u00bb][\/et_pb_blurb][\/et_pb_column][\/et_pb_row][et_pb_row _builder_version=\u00a0\u00bb4.27.4&Prime; _module_preset=\u00a0\u00bbdefault\u00a0\u00bb animation_style=\u00a0\u00bbslide\u00a0\u00bb animation_direction=\u00a0\u00bbbottom\u00a0\u00bb animation_intensity_slide=\u00a0\u00bb7%\u00a0\u00bb animation_starting_opacity=\u00a0\u00bb1%\u00a0\u00bb global_colors_info=\u00a0\u00bb{}\u00a0\u00bb][et_pb_column type=\u00a0\u00bb4_4&Prime; _builder_version=\u00a0\u00bb4.27.4&Prime; _module_preset=\u00a0\u00bbdefault\u00a0\u00bb global_colors_info=\u00a0\u00bb{}\u00a0\u00bb][et_pb_button button_url=\u00a0\u00bb@ET-DC@eyJkeW5hbWljIjp0cnVlLCJjb250ZW50IjoicG9zdF9saW5rX3VybF9wYWdlIiwic2V0dGluZ3MiOnsicG9zdF9pZCI6Ijg4In19@\u00a0\u00bb button_text=\u00a0\u00bbVOIR TOUS LES SERVICES\u00a0\u00bb button_alignment=\u00a0\u00bbcenter\u00a0\u00bb _builder_version=\u00a0\u00bb4.27.4&Prime; _dynamic_attributes=\u00a0\u00bbbutton_url\u00a0\u00bb _module_preset=\u00a0\u00bbdefault\u00a0\u00bb custom_button=\u00a0\u00bbon\u00a0\u00bb button_text_color=\u00a0\u00bb#FFFFFF\u00a0\u00bb button_bg_color=\u00a0\u00bb#6A5369&Prime; button_bg_use_color_gradient=\u00a0\u00bbon\u00a0\u00bb button_bg_color_gradient_stops=\u00a0\u00bb#6a5369 0%|#937c92 100%\u00a0\u00bb button_border_width=\u00a0\u00bb0px\u00a0\u00bb button_border_radius=\u00a0\u00bb70px\u00a0\u00bb custom_margin=\u00a0\u00bb71px||||false|false\u00a0\u00bb custom_margin_tablet=\u00a0\u00bb71px||||false|false\u00a0\u00bb custom_margin_phone=\u00a0\u00bb0px||||false|false\u00a0\u00bb custom_margin_last_edited=\u00a0\u00bbon|phone\u00a0\u00bb custom_padding=\u00a0\u00bb12px|30px|12px|30px|true|true\u00a0\u00bb global_colors_info=\u00a0\u00bb{}\u00a0\u00bb][\/et_pb_button][\/et_pb_column][\/et_pb_row][\/et_pb_section][et_pb_section fb_built=\u00a0\u00bb1&Prime; _builder_version=\u00a0\u00bb4.27.4&Prime; _module_preset=\u00a0\u00bbdefault\u00a0\u00bb use_background_color_gradient=\u00a0\u00bbon\u00a0\u00bb background_color_gradient_direction=\u00a0\u00bb90deg\u00a0\u00bb background_color_gradient_stops=\u00a0\u00bbrgba(255,255,255,0.63) 91%|rgba(255,255,255,0.69) 100%\u00a0\u00bb background_color_gradient_overlays_image=\u00a0\u00bbon\u00a0\u00bb background_image=\u00a0\u00bbhttps:\/\/puressencereiki.com\/wp-content\/uploads\/2025\/02\/Creation-sans-titre-1-1.jpg\u00a0\u00bb custom_margin=\u00a0\u00bb||||true|false\u00a0\u00bb custom_margin_tablet=\u00a0\u00bb5vh||5vh||true|false\u00a0\u00bb custom_margin_phone=\u00a0\u00bb1vh||1vh||true|false\u00a0\u00bb custom_margin_last_edited=\u00a0\u00bbon|phone\u00a0\u00bb global_colors_info=\u00a0\u00bb{}\u00a0\u00bb][et_pb_row column_structure=\u00a0\u00bb1_2,1_2&Prime; _builder_version=\u00a0\u00bb4.27.4&Prime; _module_preset=\u00a0\u00bbdefault\u00a0\u00bb max_width=\u00a0\u00bb85%\u00a0\u00bb animation_style=\u00a0\u00bbslide\u00a0\u00bb animation_direction=\u00a0\u00bbbottom\u00a0\u00bb animation_intensity_slide=\u00a0\u00bb7%\u00a0\u00bb animation_starting_opacity=\u00a0\u00bb1%\u00a0\u00bb global_colors_info=\u00a0\u00bb{}\u00a0\u00bb][et_pb_column type=\u00a0\u00bb1_2&Prime; _builder_version=\u00a0\u00bb4.27.4&Prime; _module_preset=\u00a0\u00bbdefault\u00a0\u00bb global_colors_info=\u00a0\u00bb{}\u00a0\u00bb][et_pb_image src=\u00a0\u00bbhttps:\/\/puressencereiki.com\/wp-content\/uploads\/2025\/02\/Group-2-2-1.jpg\u00a0\u00bb title_text=\u00a0\u00bbGroup 2 (2) (1)\u00a0\u00bb align_tablet=\u00a0\u00bb\u00a0\u00bb align_phone=\u00a0\u00bbcenter\u00a0\u00bb align_last_edited=\u00a0\u00bbon|phone\u00a0\u00bb _builder_version=\u00a0\u00bb4.27.4&Prime; _module_preset=\u00a0\u00bbdefault\u00a0\u00bb width=\u00a0\u00bb425px\u00a0\u00bb width_tablet=\u00a0\u00bb425px\u00a0\u00bb width_phone=\u00a0\u00bb300px\u00a0\u00bb width_last_edited=\u00a0\u00bbon|phone\u00a0\u00bb module_alignment=\u00a0\u00bbleft\u00a0\u00bb border_radii=\u00a0\u00bbon|25px|25px|25px|25px\u00a0\u00bb global_colors_info=\u00a0\u00bb{}\u00a0\u00bb][\/et_pb_image][\/et_pb_column][et_pb_column type=\u00a0\u00bb1_2&Prime; _builder_version=\u00a0\u00bb4.27.4&Prime; _module_preset=\u00a0\u00bbdefault\u00a0\u00bb global_colors_info=\u00a0\u00bb{}\u00a0\u00bb][et_pb_heading title=\u00a0\u00bb\u00c0-propos de nous\u00a0\u00bb _builder_version=\u00a0\u00bb4.27.4&Prime; _module_preset=\u00a0\u00bbdefault\u00a0\u00bb custom_margin=\u00a0\u00bb13vh||||false|false\u00a0\u00bb custom_margin_tablet=\u00a0\u00bb13vh||||false|false\u00a0\u00bb custom_margin_phone=\u00a0\u00bb4vh||||false|false\u00a0\u00bb custom_margin_last_edited=\u00a0\u00bbon|phone\u00a0\u00bb title_font_size_tablet=\u00a0\u00bb\u00a0\u00bb title_font_size_phone=\u00a0\u00bb35px\u00a0\u00bb title_font_size_last_edited=\u00a0\u00bbon|phone\u00a0\u00bb global_colors_info=\u00a0\u00bb{}\u00a0\u00bb][\/et_pb_heading][et_pb_text _builder_version=\u00a0\u00bb4.27.4&Prime; _module_preset=\u00a0\u00bbdefault\u00a0\u00bb text_line_height=\u00a0\u00bb1.6em\u00a0\u00bb text_font_size_tablet=\u00a0\u00bb\u00a0\u00bb text_font_size_phone=\u00a0\u00bb20px\u00a0\u00bb text_font_size_last_edited=\u00a0\u00bbon|phone\u00a0\u00bb global_colors_info=\u00a0\u00bb{}\u00a0\u00bb]<\/p>\n<p>Explorez l\u2019univers de Puressence Reiki et apprenez-en plus sur sa fondatrice, son histoire et sa passion pour le bien-\u00eatre.<\/p>\n<p>[\/et_pb_text][et_pb_button button_url=\u00a0\u00bb@ET-DC@eyJkeW5hbWljIjp0cnVlLCJjb250ZW50IjoicG9zdF9saW5rX3VybF9wYWdlIiwic2V0dGluZ3MiOnsicG9zdF9pZCI6IjExNSJ9fQ==@\u00a0\u00bb button_text=\u00a0\u00bbEN SAVOIR PLUS\u00a0\u00bb _builder_version=\u00a0\u00bb4.27.4&Prime; _dynamic_attributes=\u00a0\u00bbbutton_url\u00a0\u00bb _module_preset=\u00a0\u00bbdefault\u00a0\u00bb custom_button=\u00a0\u00bbon\u00a0\u00bb button_text_color=\u00a0\u00bb#FFFFFF\u00a0\u00bb button_bg_color=\u00a0\u00bb#6A5369&Prime; button_bg_use_color_gradient=\u00a0\u00bbon\u00a0\u00bb button_bg_color_gradient_stops=\u00a0\u00bb#6a5369 0%|#937c92 100%\u00a0\u00bb button_border_width=\u00a0\u00bb0px\u00a0\u00bb button_border_radius=\u00a0\u00bb70px\u00a0\u00bb custom_margin=\u00a0\u00bb71px||||false|false\u00a0\u00bb custom_padding=\u00a0\u00bb12px|30px|12px|30px|true|true\u00a0\u00bb global_colors_info=\u00a0\u00bb{}\u00a0\u00bb][\/et_pb_button][\/et_pb_column][\/et_pb_row][\/et_pb_section]<\/p>\n","protected":false},"excerpt":{"rendered":"<p>Retrouvez votre bien-\u00eatre et s\u00e9r\u00e9nit\u00e9 avec nous.Les soins \u00e9nerg\u00e9tiques sont des pratiques profondes qui visent \u00e0 lib\u00e9rer les \u00e9nergies stagnantes, r\u00e9tablir l\u2019\u00e9quilibre et apaiser l\u2019esprit. En utilisant des techniques comme le Reiki, la polarit\u00e9, l&rsquo;alchimie et en les combinant avec diff\u00e9rentes modalit\u00e9s (les bols de cristal et les huiles essentielles) ces s\u00e9ances favorisent la gu\u00e9rison [&hellip;]<\/p>\n","protected":false},"author":1,"featured_media":0,"parent":0,"menu_order":0,"comment_status":"closed","ping_status":"closed","template":"","meta":{"_et_pb_use_builder":"on","_et_pb_old_content":"","_et_gb_content_width":"","footnotes":""},"class_list":["post-9","page","type-page","status-publish","hentry"],"yoast_head":"<!-- This site is optimized with the Yoast SEO plugin v27.4 - https:\/\/yoast.com\/product\/yoast-seo-wordpress\/ -->\n<title>Accueil - Puressence Reiki<\/title>\n<meta name=\"description\" content=\"D\u00e9couvrez la gu\u00e9rison et l&#039;\u00e9quilibre avec PurEssence Reiki. Nos s\u00e9ances de Reiki favorisent la relaxation, r\u00e9duisent le stress et soutiennent le bien-\u00eatre \u00e9motionnel.\" \/>\n<meta name=\"robots\" content=\"index, follow, max-snippet:-1, max-image-preview:large, max-video-preview:-1\" \/>\n<link rel=\"canonical\" href=\"https:\/\/puressencereiki.com\/\" \/>\n<meta property=\"og:locale\" content=\"fr_CA\" \/>\n<meta property=\"og:type\" content=\"article\" \/>\n<meta property=\"og:title\" content=\"Accueil - Puressence Reiki\" \/>\n<meta property=\"og:description\" content=\"D\u00e9couvrez la gu\u00e9rison et l&#039;\u00e9quilibre avec PurEssence Reiki. Nos s\u00e9ances de Reiki favorisent la relaxation, r\u00e9duisent le stress et soutiennent le bien-\u00eatre \u00e9motionnel.\" \/>\n<meta property=\"og:url\" content=\"https:\/\/puressencereiki.com\/\" \/>\n<meta property=\"og:site_name\" content=\"Puressence Reiki\" \/>\n<meta property=\"article:modified_time\" content=\"2025-03-13T21:50:01+00:00\" \/>\n<meta name=\"twitter:card\" content=\"summary_large_image\" \/>\n<meta name=\"twitter:label1\" content=\"Estimation du temps de lecture\" \/>\n\t<meta name=\"twitter:data1\" content=\"2 minutes\" \/>\n<script type=\"application\/ld+json\" class=\"yoast-schema-graph\">{\"@context\":\"https:\\\/\\\/schema.org\",\"@graph\":[{\"@type\":\"WebPage\",\"@id\":\"https:\\\/\\\/puressencereiki.com\\\/\",\"url\":\"https:\\\/\\\/puressencereiki.com\\\/\",\"name\":\"Accueil - Puressence Reiki\",\"isPartOf\":{\"@id\":\"https:\\\/\\\/puressencereiki.com\\\/#website\"},\"datePublished\":\"2025-01-17T19:02:42+00:00\",\"dateModified\":\"2025-03-13T21:50:01+00:00\",\"description\":\"D\u00e9couvrez la gu\u00e9rison et l'\u00e9quilibre avec PurEssence Reiki. Nos s\u00e9ances de Reiki favorisent la relaxation, r\u00e9duisent le stress et soutiennent le bien-\u00eatre \u00e9motionnel.\",\"breadcrumb\":{\"@id\":\"https:\\\/\\\/puressencereiki.com\\\/#breadcrumb\"},\"inLanguage\":\"fr-CA\",\"potentialAction\":[{\"@type\":\"ReadAction\",\"target\":[\"https:\\\/\\\/puressencereiki.com\\\/\"]}]},{\"@type\":\"BreadcrumbList\",\"@id\":\"https:\\\/\\\/puressencereiki.com\\\/#breadcrumb\",\"itemListElement\":[{\"@type\":\"ListItem\",\"position\":1,\"name\":\"Accueil\",\"item\":\"https:\\\/\\\/puressencereiki.com\\\/\"},{\"@type\":\"ListItem\",\"position\":2,\"name\":\"Accueil\"}]},{\"@type\":\"WebSite\",\"@id\":\"https:\\\/\\\/puressencereiki.com\\\/#website\",\"url\":\"https:\\\/\\\/puressencereiki.com\\\/\",\"name\":\"Puressence Reiki\",\"description\":\"\",\"publisher\":{\"@id\":\"https:\\\/\\\/puressencereiki.com\\\/#organization\"},\"potentialAction\":[{\"@type\":\"SearchAction\",\"target\":{\"@type\":\"EntryPoint\",\"urlTemplate\":\"https:\\\/\\\/puressencereiki.com\\\/?s={search_term_string}\"},\"query-input\":{\"@type\":\"PropertyValueSpecification\",\"valueRequired\":true,\"valueName\":\"search_term_string\"}}],\"inLanguage\":\"fr-CA\"},{\"@type\":\"Organization\",\"@id\":\"https:\\\/\\\/puressencereiki.com\\\/#organization\",\"name\":\"Puressence Reiki\",\"url\":\"https:\\\/\\\/puressencereiki.com\\\/\",\"logo\":{\"@type\":\"ImageObject\",\"inLanguage\":\"fr-CA\",\"@id\":\"https:\\\/\\\/puressencereiki.com\\\/#\\\/schema\\\/logo\\\/image\\\/\",\"url\":\"https:\\\/\\\/puressencereiki.com\\\/wp-content\\\/uploads\\\/2025\\\/02\\\/Group-16.png\",\"contentUrl\":\"https:\\\/\\\/puressencereiki.com\\\/wp-content\\\/uploads\\\/2025\\\/02\\\/Group-16.png\",\"width\":6308,\"height\":927,\"caption\":\"Puressence Reiki\"},\"image\":{\"@id\":\"https:\\\/\\\/puressencereiki.com\\\/#\\\/schema\\\/logo\\\/image\\\/\"}}]}<\/script>\n<!-- \/ Yoast SEO plugin. -->","yoast_head_json":{"title":"Accueil - Puressence Reiki","description":"D\u00e9couvrez la gu\u00e9rison et l'\u00e9quilibre avec PurEssence Reiki. Nos s\u00e9ances de Reiki favorisent la relaxation, r\u00e9duisent le stress et soutiennent le bien-\u00eatre \u00e9motionnel.","robots":{"index":"index","follow":"follow","max-snippet":"max-snippet:-1","max-image-preview":"max-image-preview:large","max-video-preview":"max-video-preview:-1"},"canonical":"https:\/\/puressencereiki.com\/","og_locale":"fr_CA","og_type":"article","og_title":"Accueil - Puressence Reiki","og_description":"D\u00e9couvrez la gu\u00e9rison et l'\u00e9quilibre avec PurEssence Reiki. Nos s\u00e9ances de Reiki favorisent la relaxation, r\u00e9duisent le stress et soutiennent le bien-\u00eatre \u00e9motionnel.","og_url":"https:\/\/puressencereiki.com\/","og_site_name":"Puressence Reiki","article_modified_time":"2025-03-13T21:50:01+00:00","twitter_card":"summary_large_image","twitter_misc":{"Estimation du temps de lecture":"2 minutes"},"schema":{"@context":"https:\/\/schema.org","@graph":[{"@type":"WebPage","@id":"https:\/\/puressencereiki.com\/","url":"https:\/\/puressencereiki.com\/","name":"Accueil - Puressence Reiki","isPartOf":{"@id":"https:\/\/puressencereiki.com\/#website"},"datePublished":"2025-01-17T19:02:42+00:00","dateModified":"2025-03-13T21:50:01+00:00","description":"D\u00e9couvrez la gu\u00e9rison et l'\u00e9quilibre avec PurEssence Reiki. Nos s\u00e9ances de Reiki favorisent la relaxation, r\u00e9duisent le stress et soutiennent le bien-\u00eatre \u00e9motionnel.","breadcrumb":{"@id":"https:\/\/puressencereiki.com\/#breadcrumb"},"inLanguage":"fr-CA","potentialAction":[{"@type":"ReadAction","target":["https:\/\/puressencereiki.com\/"]}]},{"@type":"BreadcrumbList","@id":"https:\/\/puressencereiki.com\/#breadcrumb","itemListElement":[{"@type":"ListItem","position":1,"name":"Accueil","item":"https:\/\/puressencereiki.com\/"},{"@type":"ListItem","position":2,"name":"Accueil"}]},{"@type":"WebSite","@id":"https:\/\/puressencereiki.com\/#website","url":"https:\/\/puressencereiki.com\/","name":"Puressence Reiki","description":"","publisher":{"@id":"https:\/\/puressencereiki.com\/#organization"},"potentialAction":[{"@type":"SearchAction","target":{"@type":"EntryPoint","urlTemplate":"https:\/\/puressencereiki.com\/?s={search_term_string}"},"query-input":{"@type":"PropertyValueSpecification","valueRequired":true,"valueName":"search_term_string"}}],"inLanguage":"fr-CA"},{"@type":"Organization","@id":"https:\/\/puressencereiki.com\/#organization","name":"Puressence Reiki","url":"https:\/\/puressencereiki.com\/","logo":{"@type":"ImageObject","inLanguage":"fr-CA","@id":"https:\/\/puressencereiki.com\/#\/schema\/logo\/image\/","url":"https:\/\/puressencereiki.com\/wp-content\/uploads\/2025\/02\/Group-16.png","contentUrl":"https:\/\/puressencereiki.com\/wp-content\/uploads\/2025\/02\/Group-16.png","width":6308,"height":927,"caption":"Puressence Reiki"},"image":{"@id":"https:\/\/puressencereiki.com\/#\/schema\/logo\/image\/"}}]}},"_links":{"self":[{"href":"https:\/\/puressencereiki.com\/index.php?rest_route=\/wp\/v2\/pages\/9","targetHints":{"allow":["GET"]}}],"collection":[{"href":"https:\/\/puressencereiki.com\/index.php?rest_route=\/wp\/v2\/pages"}],"about":[{"href":"https:\/\/puressencereiki.com\/index.php?rest_route=\/wp\/v2\/types\/page"}],"author":[{"embeddable":true,"href":"https:\/\/puressencereiki.com\/index.php?rest_route=\/wp\/v2\/users\/1"}],"replies":[{"embeddable":true,"href":"https:\/\/puressencereiki.com\/index.php?rest_route=%2Fwp%2Fv2%2Fcomments&post=9"}],"version-history":[{"count":35,"href":"https:\/\/puressencereiki.com\/index.php?rest_route=\/wp\/v2\/pages\/9\/revisions"}],"predecessor-version":[{"id":466,"href":"https:\/\/puressencereiki.com\/index.php?rest_route=\/wp\/v2\/pages\/9\/revisions\/466"}],"wp:attachment":[{"href":"https:\/\/puressencereiki.com\/index.php?rest_route=%2Fwp%2Fv2%2Fmedia&parent=9"}],"curies":[{"name":"wp","href":"https:\/\/api.w.org\/{rel}","templated":true}]}}